{"id":42,"date":"2025-10-05T17:00:00","date_gmt":"2025-10-05T15:00:00","guid":{"rendered":"http:\/\/anamho.fr\/?page_id=42"},"modified":"2025-10-05T17:11:17","modified_gmt":"2025-10-05T15:11:17","slug":"presentation","status":"publish","type":"page","link":"https:\/\/anamho.fr\/index.php\/presentation\/","title":{"rendered":"Pr\u00e9sentation"},"content":{"rendered":"<p>[vc_row][vc_column][vc_column_text]<span style=\"font-size: medium;\">L\u2019Association Nationale des Magistrats Honoraires <span style=\"color: #000080;\">\u00ae<\/span> &#8211; <strong><span style=\"color: #af2729;\">ANAMHO <\/span><\/strong>&#8211; \u00a0est d\u00e9clar\u00e9e sous le r\u00e9gime de la loi du 1<sup>er<\/sup> juillet 1901.<\/span><\/p>\n<p><span style=\"font-size: medium;\">Elle a \u00e9t\u00e9 fond\u00e9e en 1990 par <strong>Jean Filippi<\/strong>, Pr\u00e9sident de Chambre honoraire \u00e0 la Cour d\u2019appel de Paris et compte actuellement plus de <strong>700 membres<\/strong>, magistrats honoraires domicili\u00e9s dans toute la France.<\/span><\/p>\n<p>Le si\u00e8ge social est \u00e0 la Cour d&rsquo;appel de Paris 2-4 boulevard du Palais 75055 PARIS CEDEX 01<\/p>\n<p>Le secr\u00e9tariat est joignable par t\u00e9l\u00e9phone avec indication du renvoi sur un portable ou sur la messagerie<\/p>\n<ul>\n<li style=\"list-style-type: none;\">\n<ul>\n<li><span style=\"font-size: medium;\"><strong>T\u00e9l\u00e9phone :<\/strong>\u00a0 01 42 49 34 29<br \/>\n<\/span><\/li>\n<\/ul>\n<\/li>\n<\/ul>\n<ul>\n<li style=\"list-style-type: none;\">\n<ul>\n<li><span style=\"font-size: medium;\"><strong>Courriel<\/strong>\u00a0:\u00a0<em>anamho@orange.fr<\/em><\/span><\/li>\n<\/ul>\n<\/li>\n<\/ul>\n<h4><\/h4>\n<h4><\/h4>\n<p>[\/vc_column_text][\/vc_column][vc_column][vc_tta_tabs][vc_tta_section i_icon_fontawesome=\u00a0\u00bbfa fa-bullseye\u00a0\u00bb title=\u00a0\u00bbObjectifs\u00a0\u00bb tab_id=\u00a0\u00bb1482411045489-8f4d112c-20e7&Prime; add_icon=\u00a0\u00bbtrue\u00a0\u00bb][vc_column_text]<\/p>\n<h4><span style=\"color: #000000;\">Objectifs:<\/span><\/h4>\n<p>Selon ses statuts, l\u2019association a pour objet\u00a0:<\/p>\n<p>\u2022 de d\u00e9velopper entre les magistrats de l\u2019ordre judiciaire ayant cess\u00e9 leurs fonctions des liens de solidarit\u00e9 et de convivialit\u00e9,<\/p>\n<p>\u2022 de r\u00e9unir, de conserver et \u00e9ventuellement de diffuser la documentation ou tout autre \u00e9l\u00e9ment aux fins de pr\u00e9server la m\u00e9moire des magistrats de l&rsquo;ordre judiciaire,<\/p>\n<p>\u2022 d\u2019\u00e9tablir des relations avec le minist\u00e8re de la Justice afin d\u2019assurer \u00e0 ses adh\u00e9rents une information sur les textes l\u00e9gislatifs et r\u00e9glementaires les concernant ainsi que sur les missions qui leur sont propos\u00e9es,<\/p>\n<p>\u2022 de d\u00e9velopper des relations avec tout autre minist\u00e8re fran\u00e7ais, avec les associations de hauts responsables de l\u2019\u00c9tat retrait\u00e9s et avec les associations de magistrats honoraires \u00e9trangers,<\/p>\n<p>\u2022 d\u2019assurer la d\u00e9fense des int\u00e9r\u00eats collectifs mat\u00e9riels et moraux de ses membres sans interf\u00e9rer avec l\u2019action des syndicats de magistrats.<\/p>\n<p>L\u2019association s\u2019abstient de toute prise de position politique, syndicale ou soci\u00e9tale.[\/vc_column_text][\/vc_tta_section][vc_tta_section i_icon_fontawesome=\u00a0\u00bbfa fa-bolt\u00a0\u00bb title=\u00a0\u00bbActions\u00a0\u00bb tab_id=\u00a0\u00bb1482411045532-25f0facb-b32f\u00a0\u00bb add_icon=\u00a0\u00bbtrue\u00a0\u00bb][vc_column_text]<\/p>\n<h4>Actions:<\/h4>\n<p><span style=\"font-size: medium; color: #000000;\">L\u2019association est organis\u00e9e en <em>sections r\u00e9gionales <\/em>r\u00e9unissant les magistrats honoraires, membres de l\u2019association domicili\u00e9s dans le ressort d\u2019une ou plusieurs cours d\u2019appel. Les sections r\u00e9gionales sont administr\u00e9es par un <em>d\u00e9l\u00e9gu\u00e9<\/em> nomm\u00e9 par le conseil d\u2019administration de l\u2019ANAMHO.<\/span><\/p>\n<p><span style=\"text-decoration: underline; color: #af2729;\"><span style=\"font-size: medium;\"><strong>Au plan national:<\/strong> <\/span><\/span><\/p>\n<p><span style=\"color: #000000;\"><span style=\"font-size: medium;\">L\u2019association tient un <strong>Congr\u00e8s<\/strong> qui est organis\u00e9 chaque ann\u00e9e dans une cour d\u2019appel diff\u00e9rente.\u00a0<\/span><\/span><\/p>\n<p><span style=\"color: #000000;\"><span style=\"font-size: medium;\">En 2026 le Congr\u00e8s se tiendra au tribunal judiciaire de Lille les 25 et 26 septembre 2026. Les Congr\u00e8s\u00a0 les plus r\u00e9cents ont eu lieu a cour d&rsquo;appel de Riom les 26 et 27 septembre 2025, \u00e0<\/span><\/span><span style=\"color: #000000;\"><span style=\"font-size: medium;\"> la cour d&rsquo;appel de Grenoble les 27 et 28 septembre 2024, \u00e0 la cour d&rsquo;appel de Rouen les 22 et 23 septembre 2023, \u00e0 la cour d&rsquo;appel de Poitiers les 23 et 24 septembre 2022.<br \/>\n<\/span><\/span><\/p>\n<p><span style=\"font-size: medium;\"><span style=\"color: #000000;\">L&rsquo;Anamho\u00a0maintient les liens entre les magistrats honoraires adh\u00e9rents de l\u2019association:<\/span><\/span><\/p>\n<ul>\n<li style=\"list-style-type: none;\">\n<ul>\n<li><span style=\"font-size: medium; color: #000000;\">par l\u2019envoi annuel d\u2019un <strong>annuaire<\/strong> comportant les coordonn\u00e9es de ses membres, la \u00a0composition des sections , la publication d\u2019articles et de chroniques et relatant l\u2019activit\u00e9 de l\u2019association ainsi que des sections,<\/span><\/li>\n<li><span style=\"font-size: medium; color: #000000;\">par la publication d\u2019un <strong>bulletin de liaison<\/strong> \u00e0 l\u2019issue de chacun des congr\u00e8s,<\/span><\/li>\n<li><span style=\"font-size: medium; color: #000000;\">par la diffusion aux adh\u00e9rents int\u00e9ress\u00e9s de <strong>fiches d\u2019information<\/strong> mises \u00e0 jour par la Direction des Services Judiciaires du Minist\u00e8re de la Justice et concernant la situation des magistrats honoraires (retraite , fonctions et missions ouvertes),<\/span><\/li>\n<li><span style=\"font-size: medium; color: #000000;\">par la <strong>mise en ligne sur le site de l&rsquo;ANAMHO<\/strong> de toutes les informations utiles aux magistrats honoraires<\/span><\/li>\n<\/ul>\n<\/li>\n<\/ul>\n<p><span style=\"font-size: medium; color: #000000;\">L\u2019ANAMHO est en contact avec les bureaux de la Direction des services judiciaires. Elle est re\u00e7ue chaque ann\u00e9e lors d\u2019une r\u00e9union organis\u00e9e par le Directeur accompagn\u00e9 des principaux responsables de la DSJ et est consult\u00e9e sur les textes susceptibles de modifier la situation des magistrats honoraires.<\/span><\/p>\n<hr \/>\n<p><span style=\"color: #af2729;\"><strong><span style=\"font-size: medium;\"><span style=\"text-decoration: underline;\">Au plan r\u00e9gional:<\/span><\/span><\/strong><\/span><\/p>\n<p><span style=\"font-size: medium; color: #000000;\">L\u2019activit\u00e9 de l\u2019ANAMHO durant l\u2019ann\u00e9e, se situe dans les sections sous l\u2019impulsion des d\u00e9l\u00e9gu\u00e9s (<a style=\"color: #000000;\" href=\"http:\/\/www.anamhodev.fr\/administration\/\">cf. Administration<\/a>). Ces derniers organisent notamment des manifestations, des r\u00e9unions, des rencontres conviviales lors de repas, des conf\u00e9rences, des sorties touristiques ou culturelles.<\/span><\/p>\n<p><span style=\"font-size: medium; color: #000000;\">Les activit\u00e9s sont ouvertes aux conjoints des magistrats honoraires adh\u00e9rents.<\/span>[\/vc_column_text][\/vc_tta_section][\/vc_tta_tabs][\/vc_column][\/vc_row]<\/p>\n","protected":false},"excerpt":{"rendered":"<p>[vc_row][vc_column][vc_column_text]L\u2019Association Nationale des Magistrats Honoraires \u00ae &#8211; ANAMHO &#8211; \u00a0est d\u00e9clar\u00e9e sous le r\u00e9gime de la loi du 1er juillet 1901. Elle a \u00e9t\u00e9 fond\u00e9e en 1990 par Jean Filippi, Pr\u00e9sident de Chambre honoraire \u00e0 la Cour d\u2019appel de Paris [&hellip;]<\/p>\n","protected":false},"author":2,"featured_media":0,"parent":0,"menu_order":0,"comment_status":"closed","ping_status":"closed","template":"","meta":{"om_disable_all_campaigns":false,"_monsterinsights_skip_tracking":false,"_monsterinsights_sitenote_active":false,"_monsterinsights_sitenote_note":"","_monsterinsights_sitenote_category":0,"footnotes":""},"class_list":["post-42","page","type-page","status-publish","hentry"],"aioseo_notices":[],"_links":{"self":[{"href":"https:\/\/anamho.fr\/index.php\/wp-json\/wp\/v2\/pages\/42","targetHints":{"allow":["GET"]}}],"collection":[{"href":"https:\/\/anamho.fr\/index.php\/wp-json\/wp\/v2\/pages"}],"about":[{"href":"https:\/\/anamho.fr\/index.php\/wp-json\/wp\/v2\/types\/page"}],"author":[{"embeddable":true,"href":"https:\/\/anamho.fr\/index.php\/wp-json\/wp\/v2\/users\/2"}],"replies":[{"embeddable":true,"href":"https:\/\/anamho.fr\/index.php\/wp-json\/wp\/v2\/comments?post=42"}],"version-history":[{"count":29,"href":"https:\/\/anamho.fr\/index.php\/wp-json\/wp\/v2\/pages\/42\/revisions"}],"predecessor-version":[{"id":1640,"href":"https:\/\/anamho.fr\/index.php\/wp-json\/wp\/v2\/pages\/42\/revisions\/1640"}],"wp:attachment":[{"href":"https:\/\/anamho.fr\/index.php\/wp-json\/wp\/v2\/media?parent=42"}],"curies":[{"name":"wp","href":"https:\/\/api.w.org\/{rel}","templated":true}]}}