{"id":27,"date":"2026-01-31T19:35:00","date_gmt":"2026-01-31T18:35:00","guid":{"rendered":"http:\/\/anamho.fr\/?page_id=27"},"modified":"2026-02-10T12:48:41","modified_gmt":"2026-02-10T11:48:41","slug":"accueil-2","status":"publish","type":"page","link":"https:\/\/anamho.fr\/","title":{"rendered":"Accueil"},"content":{"rendered":"<p>[vc_row][vc_column][vc_cta h2=\u00a0\u00bbAssociation Nationale des Magistrats Honoraires\u00a0\u00bb txt_align=\u00a0\u00bbcenter\u00a0\u00bb add_icon=\u00a0\u00bbtop\u00a0\u00bb i_icon_fontawesome=\u00a0\u00bbfa fa-balance-scale\u00a0\u00bb i_color=\u00a0\u00bbcustom\u00a0\u00bb i_custom_color=\u00a0\u00bb#af2729&Prime; i_on_border=\u00a0\u00bbtrue\u00a0\u00bb][\/vc_cta][vc_text_separator title=\u00a0\u00bbAssociation d\u00e9clar\u00e9e sous le r\u00e9gime de la loi du 1er juillet 1901&Prime;][vc_row_inner][vc_column_inner width=\u00a0\u00bb1\/3&Prime;][vc_column_text]<\/p>\n<h4 style=\"text-align: center;\">Si\u00e8ge Social<\/h4>\n<div class=\"wpb_raw_code wpb_content_element wpb_raw_html\">\n<div class=\"wpb_wrapper\">\n<p style=\"text-align: center;\">Cour d&rsquo;appel de Paris<\/p>\n<p style=\"text-align: center;\">4 boulevard du Palais 75055 PARIS Cedex 01<\/p>\n<p style=\"text-align: center;\">T\u00e9l : 01 42 49 34 29<\/p>\n<\/div>\n<\/div>\n<div class=\"wpb_raw_code wpb_content_element wpb_raw_html\">\n<div class=\"wpb_wrapper\">\n<p style=\"text-align: center;\"><\/div>\n<\/div>\n<p>[\/vc_column_text][\/vc_column_inner][vc_column_inner width=\u00a0\u00bb1\/3&Prime;][vc_column_text]<\/p>\n<h4 style=\"text-align: left;\">Dans l&rsquo;espace adh\u00e9rents,<\/h4>\n<p style=\"text-align: left;\">&#8211; les fiches d&rsquo;informations DSJ<br \/>\n&#8211; les offres de mission<br \/>\n&#8211; les articles,<br \/>\n&#8211; la vie des sections et le congr\u00e8s.<\/p>\n<p>[\/vc_column_text][\/vc_column_inner][vc_column_inner width=\u00a0\u00bb1\/3&Prime;][vc_column_text]<\/p>\n<h4 class=\"vc_row wpb_row vc_row-fluid\" style=\"text-align: left;\">\u00a0 Courriel : <span style=\"color: #ff6600;\"><strong>anamho@orange.fr<\/strong><\/span><\/h4>\n<h4 class=\"vc_row wpb_row vc_row-fluid\" style=\"text-align: left;\">\u00a0<a title=\"Bulletin d'adh\u00e9sion\" href=\"https:\/\/anamho.fr\/wp-content\/uploads\/2026\/01\/bulletin_adh.2026.pdf\"><span style=\"color: #ff0000;\"> <strong><span style=\"color: #ff0000;\">Bulletin d&rsquo;adhe\u0301sion<\/span><\/strong><\/span><\/a> (cliquez sur le texte en rouge)<\/h4>\n<h4><a href=\"https:\/\/anamho.fr\/wp-content\/uploads\/2026\/02\/fiche2026.pdf\"> <span style=\"color: #339966;\"><strong>Fiche de pr\u00e9sentation <span style=\"color: #000000;\">(cliquez sur le texte en vert)<\/span><\/strong><\/span><\/a><\/h4>\n<p>[\/vc_column_text][vc_btn title=\u00a0\u00bbAcc\u00e8s \u00e0 l&rsquo;espace adh\u00e9rents\u00a0\u00bb style=\u00a0\u00bbcustom\u00a0\u00bb custom_background=\u00a0\u00bb#af2729&Prime; custom_text=\u00a0\u00bb#ffffff\u00a0\u00bb size=\u00a0\u00bblg\u00a0\u00bb i_icon_fontawesome=\u00a0\u00bbfa fa-lock\u00a0\u00bb add_icon=\u00a0\u00bbtrue\u00a0\u00bb css=\u00a0\u00bb.vc_custom_1633356417555{padding-top: -30px !important;}\u00a0\u00bb link=\u00a0\u00bburl:http%3A%2F%2Fanamho.fr%2Findex.php%2Fespace-adherents21%2F|||\u00a0\u00bb][\/vc_column_inner][\/vc_row_inner][vc_column_text]<a href=\"https:\/\/anamho.fr\/wp-content\/uploads\/2026\/02\/Mentionslegales.pdf\"><span style=\"color: #0000ff;\">Mentions l\u00e9gales et Politique de confidentialit\u00e9 <\/span><span style=\"color: #000000;\">(cliquer sur le texte en bleu)<\/span><\/a>[\/vc_column_text][\/vc_column][\/vc_row]<\/p>\n","protected":false},"excerpt":{"rendered":"<p>[vc_row][vc_column][vc_cta h2=\u00a0\u00bbAssociation Nationale des Magistrats Honoraires\u00a0\u00bb txt_align=\u00a0\u00bbcenter\u00a0\u00bb add_icon=\u00a0\u00bbtop\u00a0\u00bb i_icon_fontawesome=\u00a0\u00bbfa fa-balance-scale\u00a0\u00bb i_color=\u00a0\u00bbcustom\u00a0\u00bb i_custom_color=\u00a0\u00bb#af2729&Prime; i_on_border=\u00a0\u00bbtrue\u00a0\u00bb][\/vc_cta][vc_text_separator title=\u00a0\u00bbAssociation d\u00e9clar\u00e9e sous le r\u00e9gime de la loi du 1er juillet 1901&Prime;][vc_row_inner][vc_column_inner width=\u00a0\u00bb1\/3&Prime;][vc_column_text] Si\u00e8ge Social Cour d&rsquo;appel de Paris 4 boulevard du Palais 75055 PARIS Cedex 01 [&hellip;]<\/p>\n","protected":false},"author":3,"featured_media":0,"parent":0,"menu_order":0,"comment_status":"closed","ping_status":"closed","template":"","meta":{"om_disable_all_campaigns":false,"_monsterinsights_skip_tracking":false,"_monsterinsights_sitenote_active":false,"_monsterinsights_sitenote_note":"","_monsterinsights_sitenote_category":0,"footnotes":""},"class_list":["post-27","page","type-page","status-publish","hentry"],"aioseo_notices":[],"_links":{"self":[{"href":"https:\/\/anamho.fr\/index.php\/wp-json\/wp\/v2\/pages\/27","targetHints":{"allow":["GET"]}}],"collection":[{"href":"https:\/\/anamho.fr\/index.php\/wp-json\/wp\/v2\/pages"}],"about":[{"href":"https:\/\/anamho.fr\/index.php\/wp-json\/wp\/v2\/types\/page"}],"author":[{"embeddable":true,"href":"https:\/\/anamho.fr\/index.php\/wp-json\/wp\/v2\/users\/3"}],"replies":[{"embeddable":true,"href":"https:\/\/anamho.fr\/index.php\/wp-json\/wp\/v2\/comments?post=27"}],"version-history":[{"count":70,"href":"https:\/\/anamho.fr\/index.php\/wp-json\/wp\/v2\/pages\/27\/revisions"}],"predecessor-version":[{"id":1809,"href":"https:\/\/anamho.fr\/index.php\/wp-json\/wp\/v2\/pages\/27\/revisions\/1809"}],"wp:attachment":[{"href":"https:\/\/anamho.fr\/index.php\/wp-json\/wp\/v2\/media?parent=27"}],"curies":[{"name":"wp","href":"https:\/\/api.w.org\/{rel}","templated":true}]}}